{"id":16718,"date":"2025-12-01T07:10:01","date_gmt":"2025-12-01T07:10:01","guid":{"rendered":"https:\/\/each.ut.ee\/EACH\/?page_id=16718"},"modified":"2025-12-01T07:26:22","modified_gmt":"2025-12-01T07:26:22","slug":"each-winter-school-2025","status":"publish","type":"page","link":"https:\/\/each.ut.ee\/EACH\/each-winter-school-2025\/","title":{"rendered":"EACH Winter School 2025"},"content":{"rendered":"\n<p id=\"block-bfc01999-52ff-4d9e-bf4d-54d61fab522c\">The&nbsp;<strong>EACH Winter School 2025<\/strong>&nbsp;took place from&nbsp;<strong>January 27 to January 31, 2025<\/strong>, at&nbsp;<strong><a href=\"https:\/\/kaariku.ee\/en\/\" target=\"_blank\" rel=\"noreferrer noopener\">K\u00e4\u00e4riku Sports Center<\/a>, Otep\u00e4\u00e4, Estonia<\/strong>.<\/p>\n\n\n\n<p id=\"block-63ee67c2-fd36-4e65-8d09-bc4cddde4ca1\">The blog posts about the EACH Winter School 2025: <a href=\"https:\/\/each.ut.ee\/EACH\/each-winter-school-2025-started\/\">EACH Winter School 2025 Started!<\/a> and <a href=\"https:\/\/each.ut.ee\/EACH\/each-winter-school-2025-finished\/\">EACH Winter School 2025 finished!<\/a><\/p>\n\n\n\n<figure class=\"wp-block-image\" id=\"block-09d10891-c6cf-4472-8184-9906d74c1bc3\"><img decoding=\"async\" src=\"http:\/\/each.ut.ee\/EACH\/wp-content\/uploads\/2025\/01\/IMG_6966-1024x669.jpeg\" alt=\"This image has an empty alt attribute; its file name is IMG_6966-1024x669.jpeg\"\/><\/figure>\n\n\n\n<figure class=\"wp-block-gallery has-nested-images columns-default is-cropped wp-block-gallery-1 is-layout-flex wp-block-gallery-is-layout-flex\">\n<figure data-wp-context=\"{&quot;imageId&quot;:&quot;69f314a804a7e&quot;}\" data-wp-interactive=\"core\/image\" data-wp-key=\"69f314a804a7e\" class=\"wp-block-image size-large wp-lightbox-container\"><img loading=\"lazy\" decoding=\"async\" width=\"1024\" height=\"576\" data-wp-class--hide=\"state.isContentHidden\" data-wp-class--show=\"state.isContentVisible\" data-wp-init=\"callbacks.setButtonStyles\" data-wp-on--click=\"actions.showLightbox\" data-wp-on--load=\"callbacks.setButtonStyles\" data-wp-on-window--resize=\"callbacks.setButtonStyles\" data-id=\"16248\" src=\"https:\/\/each.ut.ee\/EACH\/wp-content\/uploads\/2025\/01\/20250129_105607-1024x576.jpg\" alt=\"\" class=\"wp-image-16248\" srcset=\"https:\/\/each.ut.ee\/EACH\/wp-content\/uploads\/2025\/01\/20250129_105607-1024x576.jpg 1024w, https:\/\/each.ut.ee\/EACH\/wp-content\/uploads\/2025\/01\/20250129_105607-300x169.jpg 300w, https:\/\/each.ut.ee\/EACH\/wp-content\/uploads\/2025\/01\/20250129_105607-150x84.jpg 150w, https:\/\/each.ut.ee\/EACH\/wp-content\/uploads\/2025\/01\/20250129_105607-768x432.jpg 768w, https:\/\/each.ut.ee\/EACH\/wp-content\/uploads\/2025\/01\/20250129_105607-1536x864.jpg 1536w, https:\/\/each.ut.ee\/EACH\/wp-content\/uploads\/2025\/01\/20250129_105607-2048x1152.jpg 2048w\" sizes=\"auto, (max-width: 1024px) 100vw, 1024px\" \/><button\n\t\t\tclass=\"lightbox-trigger\"\n\t\t\ttype=\"button\"\n\t\t\taria-haspopup=\"dialog\"\n\t\t\taria-label=\"Enlarge\"\n\t\t\tdata-wp-init=\"callbacks.initTriggerButton\"\n\t\t\tdata-wp-on--click=\"actions.showLightbox\"\n\t\t\tdata-wp-style--right=\"state.imageButtonRight\"\n\t\t\tdata-wp-style--top=\"state.imageButtonTop\"\n\t\t>\n\t\t\t<svg xmlns=\"http:\/\/www.w3.org\/2000\/svg\" width=\"12\" height=\"12\" fill=\"none\" viewBox=\"0 0 12 12\">\n\t\t\t\t<path fill=\"#fff\" d=\"M2 0a2 2 0 0 0-2 2v2h1.5V2a.5.5 0 0 1 .5-.5h2V0H2Zm2 10.5H2a.5.5 0 0 1-.5-.5V8H0v2a2 2 0 0 0 2 2h2v-1.5ZM8 12v-1.5h2a.5.5 0 0 0 .5-.5V8H12v2a2 2 0 0 1-2 2H8Zm2-12a2 2 0 0 1 2 2v2h-1.5V2a.5.5 0 0 0-.5-.5H8V0h2Z\" \/>\n\t\t\t<\/svg>\n\t\t<\/button><figcaption class=\"wp-element-caption\">System to measure the dissolved oxygen<\/figcaption><\/figure>\n\n\n\n<figure data-wp-context=\"{&quot;imageId&quot;:&quot;69f314a80505b&quot;}\" data-wp-interactive=\"core\/image\" data-wp-key=\"69f314a80505b\" class=\"wp-block-image size-large wp-lightbox-container\"><img loading=\"lazy\" decoding=\"async\" width=\"1024\" height=\"576\" data-wp-class--hide=\"state.isContentHidden\" data-wp-class--show=\"state.isContentVisible\" data-wp-init=\"callbacks.setButtonStyles\" data-wp-on--click=\"actions.showLightbox\" data-wp-on--load=\"callbacks.setButtonStyles\" data-wp-on-window--resize=\"callbacks.setButtonStyles\" data-id=\"16345\" src=\"https:\/\/each.ut.ee\/EACH\/wp-content\/uploads\/2025\/02\/20250129_1612120-1024x576.jpg\" alt=\"\" class=\"wp-image-16345\" srcset=\"https:\/\/each.ut.ee\/EACH\/wp-content\/uploads\/2025\/02\/20250129_1612120-1024x576.jpg 1024w, https:\/\/each.ut.ee\/EACH\/wp-content\/uploads\/2025\/02\/20250129_1612120-300x169.jpg 300w, https:\/\/each.ut.ee\/EACH\/wp-content\/uploads\/2025\/02\/20250129_1612120-150x84.jpg 150w, https:\/\/each.ut.ee\/EACH\/wp-content\/uploads\/2025\/02\/20250129_1612120-768x432.jpg 768w, https:\/\/each.ut.ee\/EACH\/wp-content\/uploads\/2025\/02\/20250129_1612120-1536x864.jpg 1536w, https:\/\/each.ut.ee\/EACH\/wp-content\/uploads\/2025\/02\/20250129_1612120-2048x1152.jpg 2048w\" sizes=\"auto, (max-width: 1024px) 100vw, 1024px\" \/><button\n\t\t\tclass=\"lightbox-trigger\"\n\t\t\ttype=\"button\"\n\t\t\taria-haspopup=\"dialog\"\n\t\t\taria-label=\"Enlarge\"\n\t\t\tdata-wp-init=\"callbacks.initTriggerButton\"\n\t\t\tdata-wp-on--click=\"actions.showLightbox\"\n\t\t\tdata-wp-style--right=\"state.imageButtonRight\"\n\t\t\tdata-wp-style--top=\"state.imageButtonTop\"\n\t\t>\n\t\t\t<svg xmlns=\"http:\/\/www.w3.org\/2000\/svg\" width=\"12\" height=\"12\" fill=\"none\" viewBox=\"0 0 12 12\">\n\t\t\t\t<path fill=\"#fff\" d=\"M2 0a2 2 0 0 0-2 2v2h1.5V2a.5.5 0 0 1 .5-.5h2V0H2Zm2 10.5H2a.5.5 0 0 1-.5-.5V8H0v2a2 2 0 0 0 2 2h2v-1.5ZM8 12v-1.5h2a.5.5 0 0 0 .5-.5V8H12v2a2 2 0 0 1-2 2H8Zm2-12a2 2 0 0 1 2 2v2h-1.5V2a.5.5 0 0 0-.5-.5H8V0h2Z\" \/>\n\t\t\t<\/svg>\n\t\t<\/button><figcaption class=\"wp-element-caption\">Students performing the measurements<\/figcaption><\/figure>\n\n\n\n<figure data-wp-context=\"{&quot;imageId&quot;:&quot;69f314a805442&quot;}\" data-wp-interactive=\"core\/image\" data-wp-key=\"69f314a805442\" class=\"wp-block-image size-large wp-lightbox-container\"><img loading=\"lazy\" decoding=\"async\" width=\"1024\" height=\"679\" data-wp-class--hide=\"state.isContentHidden\" data-wp-class--show=\"state.isContentVisible\" data-wp-init=\"callbacks.setButtonStyles\" data-wp-on--click=\"actions.showLightbox\" data-wp-on--load=\"callbacks.setButtonStyles\" data-wp-on-window--resize=\"callbacks.setButtonStyles\" data-id=\"16361\" src=\"https:\/\/each.ut.ee\/EACH\/wp-content\/uploads\/2025\/02\/250131_WS_measurements_2-1024x679.jpeg\" alt=\"\" class=\"wp-image-16361\" srcset=\"https:\/\/each.ut.ee\/EACH\/wp-content\/uploads\/2025\/02\/250131_WS_measurements_2-1024x679.jpeg 1024w, https:\/\/each.ut.ee\/EACH\/wp-content\/uploads\/2025\/02\/250131_WS_measurements_2-300x199.jpeg 300w, https:\/\/each.ut.ee\/EACH\/wp-content\/uploads\/2025\/02\/250131_WS_measurements_2-150x99.jpeg 150w, https:\/\/each.ut.ee\/EACH\/wp-content\/uploads\/2025\/02\/250131_WS_measurements_2-768x509.jpeg 768w, https:\/\/each.ut.ee\/EACH\/wp-content\/uploads\/2025\/02\/250131_WS_measurements_2-1536x1018.jpeg 1536w, https:\/\/each.ut.ee\/EACH\/wp-content\/uploads\/2025\/02\/250131_WS_measurements_2-2048x1358.jpeg 2048w\" sizes=\"auto, (max-width: 1024px) 100vw, 1024px\" \/><button\n\t\t\tclass=\"lightbox-trigger\"\n\t\t\ttype=\"button\"\n\t\t\taria-haspopup=\"dialog\"\n\t\t\taria-label=\"Enlarge\"\n\t\t\tdata-wp-init=\"callbacks.initTriggerButton\"\n\t\t\tdata-wp-on--click=\"actions.showLightbox\"\n\t\t\tdata-wp-style--right=\"state.imageButtonRight\"\n\t\t\tdata-wp-style--top=\"state.imageButtonTop\"\n\t\t>\n\t\t\t<svg xmlns=\"http:\/\/www.w3.org\/2000\/svg\" width=\"12\" height=\"12\" fill=\"none\" viewBox=\"0 0 12 12\">\n\t\t\t\t<path fill=\"#fff\" d=\"M2 0a2 2 0 0 0-2 2v2h1.5V2a.5.5 0 0 1 .5-.5h2V0H2Zm2 10.5H2a.5.5 0 0 1-.5-.5V8H0v2a2 2 0 0 0 2 2h2v-1.5ZM8 12v-1.5h2a.5.5 0 0 0 .5-.5V8H12v2a2 2 0 0 1-2 2H8Zm2-12a2 2 0 0 1 2 2v2h-1.5V2a.5.5 0 0 0-.5-.5H8V0h2Z\" \/>\n\t\t\t<\/svg>\n\t\t<\/button><figcaption class=\"wp-element-caption\">Students measuring oxygen in the lake<\/figcaption><\/figure>\n<\/figure>\n\n\n\n<figure class=\"wp-block-gallery has-nested-images columns-default is-cropped wp-block-gallery-2 is-layout-flex wp-block-gallery-is-layout-flex\">\n<figure data-wp-context=\"{&quot;imageId&quot;:&quot;69f314a80607f&quot;}\" data-wp-interactive=\"core\/image\" data-wp-key=\"69f314a80607f\" class=\"wp-block-image size-large wp-lightbox-container\"><img loading=\"lazy\" decoding=\"async\" width=\"1024\" height=\"576\" data-wp-class--hide=\"state.isContentHidden\" data-wp-class--show=\"state.isContentVisible\" data-wp-init=\"callbacks.setButtonStyles\" data-wp-on--click=\"actions.showLightbox\" data-wp-on--load=\"callbacks.setButtonStyles\" data-wp-on-window--resize=\"callbacks.setButtonStyles\" data-id=\"16325\" src=\"https:\/\/each.ut.ee\/EACH\/wp-content\/uploads\/2025\/01\/20250129_163504-1-1024x576.jpg\" alt=\"\" class=\"wp-image-16325\" srcset=\"https:\/\/each.ut.ee\/EACH\/wp-content\/uploads\/2025\/01\/20250129_163504-1-1024x576.jpg 1024w, https:\/\/each.ut.ee\/EACH\/wp-content\/uploads\/2025\/01\/20250129_163504-1-300x169.jpg 300w, https:\/\/each.ut.ee\/EACH\/wp-content\/uploads\/2025\/01\/20250129_163504-1-150x84.jpg 150w, https:\/\/each.ut.ee\/EACH\/wp-content\/uploads\/2025\/01\/20250129_163504-1-768x432.jpg 768w, https:\/\/each.ut.ee\/EACH\/wp-content\/uploads\/2025\/01\/20250129_163504-1-1536x864.jpg 1536w, https:\/\/each.ut.ee\/EACH\/wp-content\/uploads\/2025\/01\/20250129_163504-1-2048x1152.jpg 2048w\" sizes=\"auto, (max-width: 1024px) 100vw, 1024px\" \/><button\n\t\t\tclass=\"lightbox-trigger\"\n\t\t\ttype=\"button\"\n\t\t\taria-haspopup=\"dialog\"\n\t\t\taria-label=\"Enlarge\"\n\t\t\tdata-wp-init=\"callbacks.initTriggerButton\"\n\t\t\tdata-wp-on--click=\"actions.showLightbox\"\n\t\t\tdata-wp-style--right=\"state.imageButtonRight\"\n\t\t\tdata-wp-style--top=\"state.imageButtonTop\"\n\t\t>\n\t\t\t<svg xmlns=\"http:\/\/www.w3.org\/2000\/svg\" width=\"12\" height=\"12\" fill=\"none\" viewBox=\"0 0 12 12\">\n\t\t\t\t<path fill=\"#fff\" d=\"M2 0a2 2 0 0 0-2 2v2h1.5V2a.5.5 0 0 1 .5-.5h2V0H2Zm2 10.5H2a.5.5 0 0 1-.5-.5V8H0v2a2 2 0 0 0 2 2h2v-1.5ZM8 12v-1.5h2a.5.5 0 0 0 .5-.5V8H12v2a2 2 0 0 1-2 2H8Zm2-12a2 2 0 0 1 2 2v2h-1.5V2a.5.5 0 0 0-.5-.5H8V0h2Z\" \/>\n\t\t\t<\/svg>\n\t\t<\/button><figcaption class=\"wp-element-caption\">University Claude Bernard Lyon 1 study track<\/figcaption><\/figure>\n\n\n\n<figure data-wp-context=\"{&quot;imageId&quot;:&quot;69f314a80645b&quot;}\" data-wp-interactive=\"core\/image\" data-wp-key=\"69f314a80645b\" class=\"wp-block-image size-large wp-lightbox-container\"><img loading=\"lazy\" decoding=\"async\" width=\"1024\" height=\"576\" data-wp-class--hide=\"state.isContentHidden\" data-wp-class--show=\"state.isContentVisible\" data-wp-init=\"callbacks.setButtonStyles\" data-wp-on--click=\"actions.showLightbox\" data-wp-on--load=\"callbacks.setButtonStyles\" data-wp-on-window--resize=\"callbacks.setButtonStyles\" data-id=\"16324\" src=\"https:\/\/each.ut.ee\/EACH\/wp-content\/uploads\/2025\/01\/20250129_163231-2-1024x576.jpg\" alt=\"\" class=\"wp-image-16324\" srcset=\"https:\/\/each.ut.ee\/EACH\/wp-content\/uploads\/2025\/01\/20250129_163231-2-1024x576.jpg 1024w, https:\/\/each.ut.ee\/EACH\/wp-content\/uploads\/2025\/01\/20250129_163231-2-300x169.jpg 300w, https:\/\/each.ut.ee\/EACH\/wp-content\/uploads\/2025\/01\/20250129_163231-2-150x84.jpg 150w, https:\/\/each.ut.ee\/EACH\/wp-content\/uploads\/2025\/01\/20250129_163231-2-768x432.jpg 768w, https:\/\/each.ut.ee\/EACH\/wp-content\/uploads\/2025\/01\/20250129_163231-2-1536x864.jpg 1536w, https:\/\/each.ut.ee\/EACH\/wp-content\/uploads\/2025\/01\/20250129_163231-2-2048x1152.jpg 2048w\" sizes=\"auto, (max-width: 1024px) 100vw, 1024px\" \/><button\n\t\t\tclass=\"lightbox-trigger\"\n\t\t\ttype=\"button\"\n\t\t\taria-haspopup=\"dialog\"\n\t\t\taria-label=\"Enlarge\"\n\t\t\tdata-wp-init=\"callbacks.initTriggerButton\"\n\t\t\tdata-wp-on--click=\"actions.showLightbox\"\n\t\t\tdata-wp-style--right=\"state.imageButtonRight\"\n\t\t\tdata-wp-style--top=\"state.imageButtonTop\"\n\t\t>\n\t\t\t<svg xmlns=\"http:\/\/www.w3.org\/2000\/svg\" width=\"12\" height=\"12\" fill=\"none\" viewBox=\"0 0 12 12\">\n\t\t\t\t<path fill=\"#fff\" d=\"M2 0a2 2 0 0 0-2 2v2h1.5V2a.5.5 0 0 1 .5-.5h2V0H2Zm2 10.5H2a.5.5 0 0 1-.5-.5V8H0v2a2 2 0 0 0 2 2h2v-1.5ZM8 12v-1.5h2a.5.5 0 0 0 .5-.5V8H12v2a2 2 0 0 1-2 2H8Zm2-12a2 2 0 0 1 2 2v2h-1.5V2a.5.5 0 0 0-.5-.5H8V0h2Z\" \/>\n\t\t\t<\/svg>\n\t\t<\/button><figcaption class=\"wp-element-caption\">\u00c5bo Akademi University study track<\/figcaption><\/figure>\n\n\n\n<figure data-wp-context=\"{&quot;imageId&quot;:&quot;69f314a80685e&quot;}\" data-wp-interactive=\"core\/image\" data-wp-key=\"69f314a80685e\" class=\"wp-block-image size-large wp-lightbox-container\"><img loading=\"lazy\" decoding=\"async\" width=\"1024\" height=\"576\" data-wp-class--hide=\"state.isContentHidden\" data-wp-class--show=\"state.isContentVisible\" data-wp-init=\"callbacks.setButtonStyles\" data-wp-on--click=\"actions.showLightbox\" data-wp-on--load=\"callbacks.setButtonStyles\" data-wp-on-window--resize=\"callbacks.setButtonStyles\" data-id=\"16326\" src=\"https:\/\/each.ut.ee\/EACH\/wp-content\/uploads\/2025\/01\/20250129_162951-4-1024x576.jpg\" alt=\"\" class=\"wp-image-16326\" srcset=\"https:\/\/each.ut.ee\/EACH\/wp-content\/uploads\/2025\/01\/20250129_162951-4-1024x576.jpg 1024w, https:\/\/each.ut.ee\/EACH\/wp-content\/uploads\/2025\/01\/20250129_162951-4-300x169.jpg 300w, https:\/\/each.ut.ee\/EACH\/wp-content\/uploads\/2025\/01\/20250129_162951-4-150x84.jpg 150w, https:\/\/each.ut.ee\/EACH\/wp-content\/uploads\/2025\/01\/20250129_162951-4-768x432.jpg 768w, https:\/\/each.ut.ee\/EACH\/wp-content\/uploads\/2025\/01\/20250129_162951-4-1536x864.jpg 1536w, https:\/\/each.ut.ee\/EACH\/wp-content\/uploads\/2025\/01\/20250129_162951-4-2048x1152.jpg 2048w\" sizes=\"auto, (max-width: 1024px) 100vw, 1024px\" \/><button\n\t\t\tclass=\"lightbox-trigger\"\n\t\t\ttype=\"button\"\n\t\t\taria-haspopup=\"dialog\"\n\t\t\taria-label=\"Enlarge\"\n\t\t\tdata-wp-init=\"callbacks.initTriggerButton\"\n\t\t\tdata-wp-on--click=\"actions.showLightbox\"\n\t\t\tdata-wp-style--right=\"state.imageButtonRight\"\n\t\t\tdata-wp-style--top=\"state.imageButtonTop\"\n\t\t>\n\t\t\t<svg xmlns=\"http:\/\/www.w3.org\/2000\/svg\" width=\"12\" height=\"12\" fill=\"none\" viewBox=\"0 0 12 12\">\n\t\t\t\t<path fill=\"#fff\" d=\"M2 0a2 2 0 0 0-2 2v2h1.5V2a.5.5 0 0 1 .5-.5h2V0H2Zm2 10.5H2a.5.5 0 0 1-.5-.5V8H0v2a2 2 0 0 0 2 2h2v-1.5ZM8 12v-1.5h2a.5.5 0 0 0 .5-.5V8H12v2a2 2 0 0 1-2 2H8Zm2-12a2 2 0 0 1 2 2v2h-1.5V2a.5.5 0 0 0-.5-.5H8V0h2Z\" \/>\n\t\t\t<\/svg>\n\t\t<\/button><figcaption class=\"wp-element-caption\">Uppsala University study track<\/figcaption><\/figure>\n<\/figure>\n\n\n\nngg_shortcode_0_placeholder\n\n\n\n<p id=\"block-5a4090b9-a49b-44ce-a044-a5405f5dbc37\"><strong>The schedule for the Winter School 2025:<\/strong><\/p>\n\n\n\n<figure class=\"wp-block-image\" id=\"block-3a8618f3-ef1e-4e7e-a95a-b98fbf8971e4\"><img decoding=\"async\" src=\"https:\/\/each.ut.ee\/EACH\/wp-content\/uploads\/2025\/01\/image-2-1024x623.png\" alt=\"This image has an empty alt attribute; its file name is image-2-1024x623.png\"\/><\/figure>\n\n\n\n<p id=\"block-91a4f6a1-a119-4b0e-832a-aa6c084814b8\"><strong>Overview and materials of sessions:<\/strong><\/p>\n\n\n\n<figure class=\"wp-block-table\"><table class=\"has-fixed-layout\"><tbody><tr><td><strong>Teachers<\/strong><\/td><td><strong>Session<\/strong><\/td><td><strong>Notes<\/strong><\/td><\/tr><tr><td><strong>Ivo Leito, Anu Teearu, Irja Helm<\/strong><\/td><td><a href=\"https:\/\/owncloud.ut.ee\/owncloud\/s\/xTznEW7QoeydnjA\">Introduction to Winter School, Practical information, Teamwork<\/a><\/td><td>Introduction, aims of the Winter School, practical information about the K\u00e4\u00e4riku facility, Dissolved oxygen intercomparison teamwork<\/td><\/tr><tr><td><strong>2nd year students<\/strong><\/td><td><a href=\"https:\/\/owncloud.ut.ee\/owncloud\/s\/X3c6tnFHpwSHLmR\">Master\u2019s theses and life at 2nd year universities<\/a><\/td><td>Overview of the thesis topics and current status of the 2nd year students at UU, AAU and UCBL, as well as about practicalities of life and studies at 2nd year universities<\/td><\/tr><tr><td><strong>Dr. No\u00e9mie Caillol, Dr. Franck Baco-Antoniali<\/strong><\/td><td><a href=\"https:\/\/owncloud.ut.ee\/owncloud\/s\/F7fCYoxTLBsYazB\">Industrial analysis and process control<\/a><\/td><td>Trends and needs for online spectroscopic analysis for R&amp;D. The Axel\u2019One Platform.<\/td><\/tr><tr><td><strong>Student teams<\/strong><\/td><td><a href=\"https:\/\/owncloud.ut.ee\/owncloud\/s\/4MPD8MFR8pnLwYM\">Results of dissolved oxygen measurements<\/a><\/td><td>Results of dissolved oxygen measurements<\/td><\/tr><tr><td><strong>Ivo Leito, Anu Teearu<\/strong><\/td><td><a href=\"https:\/\/owncloud.ut.ee\/owncloud\/s\/3DwWdSFFjFpZ6xe\">Closing, practical information<\/a><\/td><td>Closing slides, practical information for students (incl for 1st year students on the spring timetable)<\/td><\/tr><\/tbody><\/table><\/figure>\n\n\n\n<p id=\"block-186b1afa-2834-4ede-bfca-874530c21981\"><strong>Previous Winter Schools:&nbsp;<\/strong><a href=\"https:\/\/each.ut.ee\/EACH\/each-winter-school-2024\/\">Winter School 2024<\/a>, <a href=\"https:\/\/each.ut.ee\/EACH\/each-winter-school-2023\/\" target=\"_blank\" rel=\"noreferrer noopener\">Winter School 2023<\/a><a href=\"https:\/\/each.ut.ee\/EACH\/each-winter-school-2022\/\" target=\"_blank\" rel=\"noreferrer noopener\">, Winter School 2022<\/a>,&nbsp;<a href=\"https:\/\/each.ut.ee\/EACH\/each-winter-school-2021\/\" target=\"_blank\" rel=\"noreferrer noopener\">Winter School 2021,<\/a><strong>&nbsp;<\/strong><a href=\"http:\/\/each.ut.ee\/EACH\/?page_id=13815\" target=\"_blank\" rel=\"noreferrer noopener\">Winter School 2020<\/a>,&nbsp;<a href=\"http:\/\/each.ut.ee\/EACH\/each-winter-school-2019\" target=\"_blank\" rel=\"noreferrer noopener\">Winter School 2019<\/a>,&nbsp;<a href=\"http:\/\/each.ut.ee\/EACH\/each-winter-school-2018\/\" target=\"_blank\" rel=\"noreferrer noopener\">Winter School 2018<\/a>,&nbsp;<a href=\"http:\/\/each.ut.ee\/EACH\/each-winter-school-2017\/\" target=\"_blank\" rel=\"noreferrer noopener\">Winter School 2017<\/a>,&nbsp;<a href=\"http:\/\/each.ut.ee\/EACH\/each-winter-school-2016\/\" target=\"_blank\" rel=\"noreferrer noopener\">Winter School 2016<\/a>.<\/p>\n\n\n\n<p id=\"block-3c4e30f1-bb03-451a-be8a-1cf4f621366f\"><\/p>\n","protected":false},"excerpt":{"rendered":"<p>The&nbsp;EACH Winter School 2025&nbsp;took place from&nbsp;January 27 to January 31, 2025, at&nbsp;K\u00e4\u00e4riku Sports Center, Otep\u00e4\u00e4, Estonia. The blog posts about the EACH Winter School 2025: EACH Winter School 2025 Started! and EACH Winter School 2025 finished! The schedule for the Winter School 2025: Overview and materials of sessions: Teachers Session Notes Ivo Leito, Anu Teearu, [&hellip;]<\/p>\n","protected":false},"author":19,"featured_media":0,"parent":0,"menu_order":0,"comment_status":"closed","ping_status":"closed","template":"","meta":{"ngg_post_thumbnail":0,"footnotes":""},"class_list":["post-16718","page","type-page","status-publish","hentry"],"blocksy_meta":[],"_links":{"self":[{"href":"https:\/\/each.ut.ee\/EACH\/wp-json\/wp\/v2\/pages\/16718","targetHints":{"allow":["GET"]}}],"collection":[{"href":"https:\/\/each.ut.ee\/EACH\/wp-json\/wp\/v2\/pages"}],"about":[{"href":"https:\/\/each.ut.ee\/EACH\/wp-json\/wp\/v2\/types\/page"}],"author":[{"embeddable":true,"href":"https:\/\/each.ut.ee\/EACH\/wp-json\/wp\/v2\/users\/19"}],"replies":[{"embeddable":true,"href":"https:\/\/each.ut.ee\/EACH\/wp-json\/wp\/v2\/comments?post=16718"}],"version-history":[{"count":4,"href":"https:\/\/each.ut.ee\/EACH\/wp-json\/wp\/v2\/pages\/16718\/revisions"}],"predecessor-version":[{"id":16726,"href":"https:\/\/each.ut.ee\/EACH\/wp-json\/wp\/v2\/pages\/16718\/revisions\/16726"}],"wp:attachment":[{"href":"https:\/\/each.ut.ee\/EACH\/wp-json\/wp\/v2\/media?parent=16718"}],"curies":[{"name":"wp","href":"https:\/\/api.w.org\/{rel}","templated":true}]}}